{"id":12,"date":"2022-05-27T15:14:41","date_gmt":"2022-05-27T13:14:41","guid":{"rendered":"https:\/\/server508615.nazwa.pl\/wordpress\/wpn_WATTSURF\/?page_id=12"},"modified":"2023-07-05T22:34:24","modified_gmt":"2023-07-05T20:34:24","slug":"faq","status":"publish","type":"page","link":"https:\/\/woltsurf.pl\/?page_id=12","title":{"rendered":"FAQ"},"content":{"rendered":"\n<details class=\"wp-block-mamaduka-toggles wp-block-toggles\"><summary><strong>Co to jest eFoil?<\/strong><\/summary><div class=\"wp-block-toggles__content\">\n<p>Deska eFoil to elektryczna deska surfingowa z podwodnym skrzyd\u0142em. Jest nap\u0119dzana prawie bezg\u0142o\u015bnym silnikiem elektrycznym, dzi\u0119ki czemu porusza po wodzie si\u0119 cicho, bez fali i spalin. Steruje si\u0119 ni\u0105 balansem cia\u0142a oraz bezprzewodowym pilotem. <br>Podwodne skrzyd\u0142o unosi desk\u0119 i surfera nad wod\u0105, co zmniejsza op\u00f3r i uspokaja jazd\u0119 nawet przy naturalnym zafalowaniu.<br>Deska eFoil to wolno\u015b\u0107 p\u0142ywania w dowolnym miejscu i czasie, niezale\u017cno\u015b\u0107 od kaprys\u00f3w pogody. Nie wymaga te\u017c szczeg\u00f3lnej sprawno\u015bci fizycznej. Silnie uzale\u017cnia! \ud83d\ude42<\/p>\n\n\n\n<figure class=\"wp-block-image size-full\"><img loading=\"lazy\" decoding=\"async\" width=\"480\" height=\"360\" src=\"http:\/\/woltsurf.pl\/wp-content\/uploads\/2022\/05\/P1366279_480x480.png\" alt=\"\" class=\"wp-image-42\" srcset=\"https:\/\/woltsurf.pl\/wp-content\/uploads\/2022\/05\/P1366279_480x480.png 480w, https:\/\/woltsurf.pl\/wp-content\/uploads\/2022\/05\/P1366279_480x480-300x225.png 300w\" sizes=\"auto, (max-width: 480px) 100vw, 480px\" \/><\/figure>\n<\/div><\/details>\n\n\n\n<details class=\"wp-block-mamaduka-toggles wp-block-toggles\"><summary><strong>Jak sterowa\u0107 desk\u0105?<\/strong><\/summary><div class=\"wp-block-toggles__content\">\n<p>Sterujesz desk\u0105 balansuj\u0105c cia\u0142em i nogami. Troch\u0119 jak jazda na rowerze czy hulajnodze. Pr\u0119dko\u015b\u0107 dostosowuje si\u0119 za pomoc\u0105 r\u0119cznego bezprzewodowego pilota. <br>Wymaga to nieco nauki, dlatego pierwsze kroki najlepiej stawia\u0107 z pomoc\u0105 wykwalifikowanego instruktora. Wi\u0119kszo\u015b\u0107 pocz\u0105tkuj\u0105cych ju\u017c po kilkunastu minutach p\u0142ywania wykonuje swoje pierwsze loty, a zabawa rozpoczyna si\u0119 ju\u017c po wej\u015bciu do wody.<\/p>\n<\/div><\/details>\n\n\n\n<details class=\"wp-block-mamaduka-toggles wp-block-toggles\"><summary><strong>Czy to bezpieczne?<\/strong><\/summary><div class=\"wp-block-toggles__content\">\n<p>Tak, przy w\u0142a\u015bciwym podej\u015bciu &#8211; podobnie, jak jazda na rowerze. <br>eFoil nie jest szczeg\u00f3lnie trudny i nawet nowicjusze szybko ucz\u0105 si\u0119 panowa\u0107 nad desk\u0105. Opanowanie r\u00f3wnowagi mo\u017ce by\u0107 wyzwaniem podczas nauki, dlatego prawdopodobnie kilka razy spadniesz z deski. <br>Deska ma wbudowanych szereg funkcji bezpiecze\u0144stwa. Je\u015bli surfer spadnie, silnik automatycznie zatrzymuje si\u0119. \u015aruba nap\u0119dowa ukryta jest pod os\u0142on\u0105. Surfer zawsze ma na sobie kask chroni\u0105cy g\u0142ow\u0119 i kamizelk\u0119 ratunkow\u0105. Pilot jest przypi\u0119ty do nadgarstka, cho\u0107 i tak p\u0142ywa. Bateria, silnik i przewody s\u0105 szczelnie zabezpieczone, cho\u0107 napi\u0119cia i tak s\u0105 rz\u0119du tylko 50V.<br>Jednak podobnie, jak jazda na rowerze czy hulajnodze, przy brawurze i braku rozs\u0105dku eFoil r\u00f3wnie\u017c mo\u017ce by\u0107 niebezpieczny, zar\u00f3wno dla surfera, jak i postronnych os\u00f3b. Kraw\u0119dzie podwodnego skrzyd\u0142a s\u0105 twarde i do\u015b\u0107 ostre. Deska leci nad wod\u0105 nawet 40km\/h. Jak ka\u017cdy sport wodny, wymaga respektu w stosunku do pogody. <br>Dlatego zawsze \u0107wiczymy na wolnym akwenie, z dala od ludzi i p\u0142ycizn. Zawsze w kasku, kamizelce i z asyst\u0105 drugiej deski.  Sprawdzamy te\u017c z wyprzedzeniem warunki pogodowe. Nasi instruktorzy ustawiaj\u0105 kolejne szczeble nauki tak, aby ucze\u0144 nigdy nie zosta\u0142 zaskoczony sytuacj\u0105.<\/p>\n<\/div><\/details>\n\n\n\n<details class=\"wp-block-mamaduka-toggles wp-block-toggles\"><summary><strong>Jakie s\u0105 podstawowe zasady bezpiecze\u0144stwa?<\/strong><\/summary><div class=\"wp-block-toggles__content\">\n<ul class=\"wp-block-list\">\n<li>Zawsze stosuj si\u0119 do zalece\u0144 instruktora. Dba on o bezpiecze\u0144stwo Twoje i postronnych.<\/li>\n\n\n\n<li>Pami\u0119taj, by stopy i palce zawsze znajdowa\u0142y si\u0119 z dala od \u015bmig\u0142a. Jak w rowerze &#8211; je\u015bli si\u0119 uprzesz wsadzi\u0107 stop\u0119 w szprychy, to uraz gwarantowany.<\/li>\n\n\n\n<li>Nigdy nie stawaj na \u015bmigle lub skrzydle w wodzie. Kraw\u0119dzie s\u0105 ostre i lepiej nie wspina\u0107 si\u0119 po nich na desk\u0119. Instruktor poka\u017ce Ci, jak bez wysi\u0142ku wdrapa\u0107 si\u0119 na desk\u0119.<\/li>\n\n\n\n<li>P\u0142ywaj zawsze w kasku i kamizelce asekuracyjnej. <\/li>\n\n\n\n<li>O ile to mo\u017cliwe, uberz neoprenowe buty. Nogi nie b\u0119d\u0105 si\u0119 \u015blizga\u0142y po desce i palce b\u0119d\u0105 bezpieczniejsze.<\/li>\n\n\n\n<li>P\u0142yn\u0105c szybko w \u015blizgu, trzymaj si\u0119 co najmniej 30m od ludzi. Przy pomostach p\u0142y\u0144 wyporno\u015bciowo i bardzo powoli.<\/li>\n\n\n\n<li>Trzymaj si\u0119 z dala od p\u0142ycizn, trzcin, brzeg\u00f3w, bojek, lin cumowniczych i w\u0119dkarzy. Deska ma 1m zanurzenia.<\/li>\n\n\n\n<li>Nie odp\u0142ywaj zbyt daleko od instruktora. Szczeg\u00f3lnie, je\u015bli nie wiesz jeszcze, jak zakr\u0119ci\u0107. Wystarczy pu\u015bci\u0107 gaz i instruktor Ci\u0119 dogoni. <\/li>\n\n\n\n<li>Je\u015bli czujesz, \u017ce tracisz r\u00f3wnowag\u0119 &#8211; nie walcz! Odskocz do ty\u0142u deski lub do wewn\u0119trznej strony zakr\u0119tu (gdzie przechyla si\u0119 deska). Tam woda jest bezpieczna.<\/li>\n\n\n\n<li>Alkohol, narkotyki &#8211; nie mieszamy ich z wod\u0105.<\/li>\n\n\n\n<li>Unikaj brawury! Deska mo\u017ce Ci\u0119 zaskoczy\u0107 swoj\u0105 reakcj\u0105, je\u015bli nie opanujesz wcze\u015bniejszych etap\u00f3w nauki. Upadek na wynurzaj\u0105ce si\u0119 skrzyd\u0142o mo\u017ce by\u0107 bolesny. Stosuj si\u0119 do kolejnych krok\u00f3w zaproponowanych przez instruktora.<\/li>\n<\/ul>\n\n\n\n<figure class=\"wp-block-image size-medium\"><img loading=\"lazy\" decoding=\"async\" width=\"300\" height=\"225\" src=\"http:\/\/woltsurf.pl\/wp-content\/uploads\/2022\/05\/waydoo_1024x1024-300x225.webp\" alt=\"\" class=\"wp-image-45\" srcset=\"https:\/\/woltsurf.pl\/wp-content\/uploads\/2022\/05\/waydoo_1024x1024-300x225.webp 300w, https:\/\/woltsurf.pl\/wp-content\/uploads\/2022\/05\/waydoo_1024x1024-768x576.webp 768w, https:\/\/woltsurf.pl\/wp-content\/uploads\/2022\/05\/waydoo_1024x1024.webp 1024w\" sizes=\"auto, (max-width: 300px) 100vw, 300px\" \/><\/figure>\n<\/div><\/details>\n\n\n\n<details class=\"wp-block-mamaduka-toggles wp-block-toggles\"><summary><strong>Jak odbywa si\u0119 szkolenie?<\/strong><\/summary><div class=\"wp-block-toggles__content\">\n<p>Opracowali\u015bmy specjalny program szkolenia, przez kt\u00f3re przeprowadzimy Ci\u0119 krok po kroku, a\u017c do osi\u0105gni\u0119cia w pe\u0142ni kontrolowanego lotu! Pomo\u017cemy Ci zbudowa\u0107 solidne podstawy i pewno\u015b\u0107 siebie i zminimalizowa\u0107 upadki po drodze. <br>Zaczniemy od solinego przygotowania na l\u0105dzie, gdzie spokojnie om\u00f3wimy wszelkie w\u0105tpliwo\u015bci i prze\u0107wiczymy &#8222;na sucho&#8221; (dos\u0142ownie) kolejne etapy.<br>Potem zejdziemy na wod\u0119 i zaczniemy od nauczenia Ci\u0119, jak kontrolowa\u0107 przepustnic\u0119 podczas jazdy le\u017c\u0105c na p\u0142asko na desce. Kiedy poczujesz si\u0119 komfortowo je\u017cd\u017c\u0105c na brzuchu, ukl\u0119kniesz i b\u0119dziesz surfowa\u0107 w tej pozycji w ten spos\u00f3b. Gdy nabierzesz pewno\u015bci, postawimy Ci\u0119 na nogi z r\u0119kami nadal na desce, aby zapewni\u0107 stabilno\u015b\u0107. Nast\u0119pnie przejdziesz do zdejmowania r\u0105k z deski, stoj\u0105c prosto podczas wyporno\u015bciowej jazdy. Nast\u0119pnym etapem jest uwolnienie deski i rozpocz\u0119cie kr\u00f3tkich lot\u00f3w. Na koniec uczymy, jak lata\u0107 w spos\u00f3b zr\u00f3wnowa\u017cony i zrelaksowany, a tak\u017ce wykonywa\u0107 skr\u0119ty na desce. <br>Przechodzimy do kolejnego etapu tylko wtedy, gdy nabierzesz wystarczaj\u0105cej pewno\u015bci siebie. Nie ma po\u015bpiechu, to zabawa, a nie zawody. Wiele os\u00f3b czerpie du\u017co rado\u015bci ju\u017c z samej jazdy na brzuchu.<br>Ca\u0142o\u015b\u0107 szkolenia trwa oko\u0142o 2 godziny, z tego 1-1,5h sp\u0119dzamy na wodzie.<\/p>\n<\/div><\/details>\n\n\n\n<details class=\"wp-block-mamaduka-toggles wp-block-toggles\"><summary><strong>Ile to kosztuje?<\/strong><\/summary><div class=\"wp-block-toggles__content\">\n<p>eFoil to innowacyjny sport. Cho\u0107 deska wygl\u0105da na prost\u0105 konstrukcj\u0119, technicznie trzeba pogodzi\u0107 kilka przeciwie\u0144stw: wod\u0119 i elektryczno\u015b\u0107, zabaw\u0119 i bezpiecze\u0144stwo, sztywno\u015bci i lekko\u015b\u0107. To raczej lekki skuter wodny, ni\u017c SUP czy windsurfing.<br>Dzi\u0119ki nam, nie musz\u0105 Pa\u0144stwo ryzykowa\u0107 zakupu deski, aby spr\u00f3bowa\u0107 tego innowacyjnego sportu. <br>Zapraszamy do zapoznania si\u0119 z <a href=\"http:\/\/woltsurf.pl\/?page_id=55\">cennikiem<\/a>.<\/p>\n<\/div><\/details>\n\n\n\n<details class=\"wp-block-mamaduka-toggles wp-block-toggles\"><summary><strong>Czy eFoil jest odpowiedni dla dzieci?<\/strong><\/summary><div class=\"wp-block-toggles__content\">\n<p>Dzieci w wieku 14 lat i starsze mog\u0105 korzysta\u0107 z eFoil, cho\u0107 nale\u017cy zdawa\u0107 sobie spraw\u0119 z ryzyka uraz\u00f3w. Nie ma minimalnej wagi, a dzieci zwykle szybciej ni\u017c doro\u015bli opanowuj\u0105  jazd\u0119, poniewa\u017c mog\u0105 z \u0142atwo\u015bci\u0105 stan\u0105\u0107 na desce zanim uruchomi\u0105 silnik i rusz\u0105. <br>Jak przy wszystkich sportach obejmuj\u0105cych dzieci &#8211; potrzebujemy pisemnej zgody prawnego opiekuna dziecka. Z dzie\u0107mi p\u0142ywamy na tyle blisko brzegu, aby rodzic zawsze mia\u0142 podopiecznego w zasi\u0119gu wzroku. W razie potrzeby, pomo\u017cemy zorganizowa\u0107 rower wodny lub kajak.<\/p>\n<\/div><\/details>\n\n\n\n<details class=\"wp-block-mamaduka-toggles wp-block-toggles\"><summary><strong>Nie wiem, czy dam rad\u0119&#8230;<\/strong><\/summary><div class=\"wp-block-toggles__content\">\n<p>eFoil nie wymaga si\u0142y ani specjalnej sprawno\u015bci fizycznej. Je\u015bli umiesz jecha\u0107 na hulajnodze lub radzisz sobie z SUPem oraz masz dobre poczucie r\u00f3wnowagi, nie b\u0119dzie problemu z opanowaniem eFoil. Surfing i windsurfing s\u0105 du\u017co trudniejsze. <br>Nauka odbywa si\u0119 w kolejnych, coraz bardziej zaawansowanych krokach. Zupe\u0142nie jak uczyli\u015bmy si\u0119 chodzi\u0107. Na pocz\u0105tku surfujemy le\u017c\u0105c p\u0142asko na desce. Potem przechodzimy do \u0107wicze\u0144 na czworaka. Uczymy si\u0119 reakcji deski i sterowania pilotem. Pierwsze loty wykonujemy oparci na kolanach i podpieraj\u0105c si\u0119 r\u0119k\u0105. Zwykle uczniowie w ci\u0105gu godziny-dw\u00f3ch opanowuj\u0105 loty na stoj\u0105co. Ka\u017cdy etap nauki przynosi du\u017co satysfakcji i sam daje du\u017co zabawy, nawet, je\u015bli nie uda si\u0119 opanowa\u0107 wszystkich etap\u00f3w w czasie szkolenia.<br>W razie w\u0105tpliwo\u015bci, zapraszamy do kontaktu z naszymi instruktorami.<br>Nasz eFoil ud\u017awignie nawet surfera o wadze do 100kg.<\/p>\n\n\n\n<figure class=\"wp-block-image size-full\"><img loading=\"lazy\" decoding=\"async\" width=\"525\" height=\"449\" src=\"http:\/\/woltsurf.pl\/wp-content\/uploads\/2022\/05\/efoil_in_ack_600x.webp\" alt=\"\" class=\"wp-image-48\" srcset=\"https:\/\/woltsurf.pl\/wp-content\/uploads\/2022\/05\/efoil_in_ack_600x.webp 525w, https:\/\/woltsurf.pl\/wp-content\/uploads\/2022\/05\/efoil_in_ack_600x-300x257.webp 300w\" sizes=\"auto, (max-width: 525px) 100vw, 525px\" \/><\/figure>\n<\/div><\/details>\n\n\n\n<details class=\"wp-block-mamaduka-toggles wp-block-toggles\"><summary><strong>Czy mog\u0119 tylko wynaj\u0105\u0107 eFoil, bez szkolenia?<\/strong><\/summary><div class=\"wp-block-toggles__content\">\n<p>Tak, je\u015bli ju\u017c umiesz si\u0119 z nim obchodzi\u0107. Dbamy jednak o bezpiecze\u0144stwo nie tylko Twoje, ale tak\u017ce os\u00f3b postronnych oraz o nasze ukochane Wigry, dlatego pozw\u00f3l, \u017ce sprawdzimy Twoje umiej\u0119tno\u015bci przed wypo\u017cyczeniem i porozmawiamy o lokalnych uwarunkowaniach.<br>Je\u015bli masz uko\u0144czone nasze szkolenie, mo\u017cesz wynaj\u0105\u0107 eFoil na preferencyjnych warunkach.<\/p>\n<\/div><\/details>\n\n\n\n<details class=\"wp-block-mamaduka-toggles wp-block-toggles\"><summary><strong>Jak szybko p\u0142ywa eFoil?<\/strong><\/summary><div class=\"wp-block-toggles__content\">\n<p>Nawet 50km\/h. Zale\u017cy od wagi i umiej\u0119tno\u015bci p\u0142ywaj\u0105cego. Zwykle 20-30km\/h (pr\u0119dko\u015b\u0107 roweru) wystarczy do uniesienia deski nad wod\u0119.<\/p>\n\n\n\n<figure class=\"wp-block-image size-medium\"><img loading=\"lazy\" decoding=\"async\" width=\"300\" height=\"294\" src=\"http:\/\/woltsurf.pl\/wp-content\/uploads\/2022\/05\/waydoo_flyer_one_Epp_efoil_boarf_480x480-300x294.webp\" alt=\"\" class=\"wp-image-49\" srcset=\"https:\/\/woltsurf.pl\/wp-content\/uploads\/2022\/05\/waydoo_flyer_one_Epp_efoil_boarf_480x480-300x294.webp 300w, https:\/\/woltsurf.pl\/wp-content\/uploads\/2022\/05\/waydoo_flyer_one_Epp_efoil_boarf_480x480.webp 480w\" sizes=\"auto, (max-width: 300px) 100vw, 300px\" \/><\/figure>\n<\/div><\/details>\n\n\n\n<details class=\"wp-block-mamaduka-toggles wp-block-toggles\"><summary><strong>Jak\u0105 wyporno\u015b\u0107 ma deska?<\/strong><\/summary><div class=\"wp-block-toggles__content\">\n<p>110 litr\u00f3w. Cho\u0107 eFoil unosi si\u0119 nad wod\u0105, dzi\u0119ki pr\u0119dko\u015bci, a nie wyporno\u015bci. L\u017cejsi surferzy mog\u0105 na niej stan\u0105\u0107 wyprostowani nawet gdy nie p\u0142ynie, co nieco u\u0142atwia nauk\u0119. Cho\u0107 nasze szkolenie &#8211; ze wzgl\u0119d\u00f3w bezpiecze\u0144stwa &#8211; i tak prowadzimy od pozycji le\u017c\u0105cej.<br>Gdy wpadniesz do wody, kamizelka zapewni dodatkow\u0105 p\u0142ywalno\u015b\u0107.<\/p>\n<\/div><\/details>\n\n\n\n<details class=\"wp-block-mamaduka-toggles wp-block-toggles\"><summary><strong>Czy musz\u0119 umie\u0107 p\u0142ywa\u0107?<\/strong><\/summary><div class=\"wp-block-toggles__content\">\n<p>Tak, cho\u0107 nie musisz by\u0107 sportowcem. Je\u015bli wpadniesz do wody, to trzeba b\u0119dzie czasem podp\u0142yn\u0105\u0107 kilka metr\u00f3w do deski. Cho\u0107 kamizelka zapewnia dodatkow\u0105 p\u0142ywalno\u015b\u0107, to p\u0142ywamy na g\u0142\u0119bokiej wodzie i czasem wpadamy razem z g\u0142ow\u0105.<\/p>\n<\/div><\/details>\n\n\n\n<details class=\"wp-block-mamaduka-toggles wp-block-toggles\"><summary><strong>Co zabra\u0107 ze sob\u0105?<\/strong><\/summary><div class=\"wp-block-toggles__content\">\n<p>&#8211; Str\u00f3j k\u0105pielowy<br>&#8211; R\u0119cznik<br>&#8211; Krem UV<br>&#8211; Dobry nastr\u00f3j!<br><br>Opcjonalnie:<br>&#8211; Piank\u0119 neoprenow\u0105, je\u015bli woda jest zimna. B\u0119dziemy w wodzie nawet 90min.<br>&#8211; Buty neoprenowe dodatkowo zabezpiecz\u0105 Twoje nogi przed otarciami.<\/p>\n<\/div><\/details>\n\n\n\n<details class=\"wp-block-mamaduka-toggles wp-block-toggles\"><summary><strong>Masz inne pytanie?<\/strong><\/summary><div class=\"wp-block-toggles__content\">\n<p>Zapraszamy do <a href=\"http:\/\/woltsurf.pl\/?page_id=14\">kontaktu<\/a>! <\/p>\n<\/div><\/details>\n","protected":false},"excerpt":{"rendered":"","protected":false},"author":1,"featured_media":0,"parent":9,"menu_order":0,"comment_status":"closed","ping_status":"closed","template":"","meta":{"footnotes":""},"class_list":["post-12","page","type-page","status-publish","hentry"],"yoast_head":"<!-- This site is optimized with the Yoast SEO plugin v20.12 - https:\/\/yoast.com\/wordpress\/plugins\/seo\/ -->\n<title>FAQ - WOLT SURF | e-foil | e-sup | sporty wodne<\/title>\n<meta name=\"description\" content=\"Najcz\u0119\u015bciej zadawane pytanie WOLT SURF. Czym jest eFoil? Gdzie Was znale\u017a\u0107? Czy to trudne? Czy to bezpieczne? Ile to kosztuje?\" \/>\n<meta name=\"robots\" content=\"index, follow, max-snippet:-1, max-image-preview:large, max-video-preview:-1\" \/>\n<link rel=\"canonical\" href=\"https:\/\/woltsurf.pl\/?page_id=12\" \/>\n<meta property=\"og:locale\" content=\"pl_PL\" \/>\n<meta property=\"og:type\" content=\"article\" \/>\n<meta property=\"og:title\" content=\"FAQ - WOLT SURF | e-foil | e-sup | sporty wodne\" \/>\n<meta property=\"og:description\" content=\"Najcz\u0119\u015bciej zadawane pytanie WOLT SURF. Czym jest eFoil? Gdzie Was znale\u017a\u0107? Czy to trudne? Czy to bezpieczne? Ile to kosztuje?\" \/>\n<meta property=\"og:url\" content=\"https:\/\/woltsurf.pl\/?page_id=12\" \/>\n<meta property=\"og:site_name\" content=\"WOLT SURF | e-foil | e-sup | sporty wodne\" \/>\n<meta property=\"article:modified_time\" content=\"2023-07-05T20:34:24+00:00\" \/>\n<meta property=\"og:image\" content=\"http:\/\/woltsurf.pl\/wp-content\/uploads\/2022\/05\/P1366279_480x480.png\" \/>\n<meta name=\"twitter:card\" content=\"summary_large_image\" \/>\n<meta name=\"twitter:label1\" content=\"Szacowany czas czytania\" \/>\n\t<meta name=\"twitter:data1\" content=\"8 minut\" \/>\n<script type=\"application\/ld+json\" class=\"yoast-schema-graph\">{\"@context\":\"https:\/\/schema.org\",\"@graph\":[{\"@type\":\"WebPage\",\"@id\":\"https:\/\/woltsurf.pl\/?page_id=12\",\"url\":\"https:\/\/woltsurf.pl\/?page_id=12\",\"name\":\"FAQ - WOLT SURF | e-foil | e-sup | sporty wodne\",\"isPartOf\":{\"@id\":\"https:\/\/woltsurf.pl\/#website\"},\"datePublished\":\"2022-05-27T13:14:41+00:00\",\"dateModified\":\"2023-07-05T20:34:24+00:00\",\"description\":\"Najcz\u0119\u015bciej zadawane pytanie WOLT SURF. Czym jest eFoil? Gdzie Was znale\u017a\u0107? Czy to trudne? Czy to bezpieczne? Ile to kosztuje?\",\"breadcrumb\":{\"@id\":\"https:\/\/woltsurf.pl\/?page_id=12#breadcrumb\"},\"inLanguage\":\"pl-PL\",\"potentialAction\":[{\"@type\":\"ReadAction\",\"target\":[\"https:\/\/woltsurf.pl\/?page_id=12\"]}]},{\"@type\":\"BreadcrumbList\",\"@id\":\"https:\/\/woltsurf.pl\/?page_id=12#breadcrumb\",\"itemListElement\":[{\"@type\":\"ListItem\",\"position\":1,\"name\":\"Home\",\"item\":\"https:\/\/woltsurf.pl\/\"},{\"@type\":\"ListItem\",\"position\":2,\"name\":\"WOLT SURF\",\"item\":\"https:\/\/woltsurf.pl\/\"},{\"@type\":\"ListItem\",\"position\":3,\"name\":\"FAQ\"}]},{\"@type\":\"WebSite\",\"@id\":\"https:\/\/woltsurf.pl\/#website\",\"url\":\"https:\/\/woltsurf.pl\/\",\"name\":\"WOLT SURF | e-foil | e-sup | sporty wodne\",\"description\":\"Szko\u0142a i wypo\u017cyczalnia efoil, eSUP, ebike, windsurfing\",\"publisher\":{\"@id\":\"https:\/\/woltsurf.pl\/#organization\"},\"potentialAction\":[{\"@type\":\"SearchAction\",\"target\":{\"@type\":\"EntryPoint\",\"urlTemplate\":\"https:\/\/woltsurf.pl\/?s={search_term_string}\"},\"query-input\":\"required name=search_term_string\"}],\"inLanguage\":\"pl-PL\"},{\"@type\":\"Organization\",\"@id\":\"https:\/\/woltsurf.pl\/#organization\",\"name\":\"WOLT SURF | e-foil | e-sup | sporty wodne\",\"url\":\"https:\/\/woltsurf.pl\/\",\"logo\":{\"@type\":\"ImageObject\",\"inLanguage\":\"pl-PL\",\"@id\":\"https:\/\/woltsurf.pl\/#\/schema\/logo\/image\/\",\"url\":\"https:\/\/woltsurf.pl\/wp-content\/uploads\/2022\/05\/cropped-logo-biale-1.png\",\"contentUrl\":\"https:\/\/woltsurf.pl\/wp-content\/uploads\/2022\/05\/cropped-logo-biale-1.png\",\"width\":3196,\"height\":1421,\"caption\":\"WOLT SURF | e-foil | e-sup | sporty wodne\"},\"image\":{\"@id\":\"https:\/\/woltsurf.pl\/#\/schema\/logo\/image\/\"}}]}<\/script>\n<!-- \/ Yoast SEO plugin. -->","yoast_head_json":{"title":"FAQ - WOLT SURF | e-foil | e-sup | sporty wodne","description":"Najcz\u0119\u015bciej zadawane pytanie WOLT SURF. Czym jest eFoil? Gdzie Was znale\u017a\u0107? Czy to trudne? Czy to bezpieczne? Ile to kosztuje?","robots":{"index":"index","follow":"follow","max-snippet":"max-snippet:-1","max-image-preview":"max-image-preview:large","max-video-preview":"max-video-preview:-1"},"canonical":"https:\/\/woltsurf.pl\/?page_id=12","og_locale":"pl_PL","og_type":"article","og_title":"FAQ - WOLT SURF | e-foil | e-sup | sporty wodne","og_description":"Najcz\u0119\u015bciej zadawane pytanie WOLT SURF. Czym jest eFoil? Gdzie Was znale\u017a\u0107? Czy to trudne? Czy to bezpieczne? Ile to kosztuje?","og_url":"https:\/\/woltsurf.pl\/?page_id=12","og_site_name":"WOLT SURF | e-foil | e-sup | sporty wodne","article_modified_time":"2023-07-05T20:34:24+00:00","og_image":[{"url":"http:\/\/woltsurf.pl\/wp-content\/uploads\/2022\/05\/P1366279_480x480.png"}],"twitter_card":"summary_large_image","twitter_misc":{"Szacowany czas czytania":"8 minut"},"schema":{"@context":"https:\/\/schema.org","@graph":[{"@type":"WebPage","@id":"https:\/\/woltsurf.pl\/?page_id=12","url":"https:\/\/woltsurf.pl\/?page_id=12","name":"FAQ - WOLT SURF | e-foil | e-sup | sporty wodne","isPartOf":{"@id":"https:\/\/woltsurf.pl\/#website"},"datePublished":"2022-05-27T13:14:41+00:00","dateModified":"2023-07-05T20:34:24+00:00","description":"Najcz\u0119\u015bciej zadawane pytanie WOLT SURF. Czym jest eFoil? Gdzie Was znale\u017a\u0107? Czy to trudne? Czy to bezpieczne? Ile to kosztuje?","breadcrumb":{"@id":"https:\/\/woltsurf.pl\/?page_id=12#breadcrumb"},"inLanguage":"pl-PL","potentialAction":[{"@type":"ReadAction","target":["https:\/\/woltsurf.pl\/?page_id=12"]}]},{"@type":"BreadcrumbList","@id":"https:\/\/woltsurf.pl\/?page_id=12#breadcrumb","itemListElement":[{"@type":"ListItem","position":1,"name":"Home","item":"https:\/\/woltsurf.pl\/"},{"@type":"ListItem","position":2,"name":"WOLT SURF","item":"https:\/\/woltsurf.pl\/"},{"@type":"ListItem","position":3,"name":"FAQ"}]},{"@type":"WebSite","@id":"https:\/\/woltsurf.pl\/#website","url":"https:\/\/woltsurf.pl\/","name":"WOLT SURF | e-foil | e-sup | sporty wodne","description":"Szko\u0142a i wypo\u017cyczalnia efoil, eSUP, ebike, windsurfing","publisher":{"@id":"https:\/\/woltsurf.pl\/#organization"},"potentialAction":[{"@type":"SearchAction","target":{"@type":"EntryPoint","urlTemplate":"https:\/\/woltsurf.pl\/?s={search_term_string}"},"query-input":"required name=search_term_string"}],"inLanguage":"pl-PL"},{"@type":"Organization","@id":"https:\/\/woltsurf.pl\/#organization","name":"WOLT SURF | e-foil | e-sup | sporty wodne","url":"https:\/\/woltsurf.pl\/","logo":{"@type":"ImageObject","inLanguage":"pl-PL","@id":"https:\/\/woltsurf.pl\/#\/schema\/logo\/image\/","url":"https:\/\/woltsurf.pl\/wp-content\/uploads\/2022\/05\/cropped-logo-biale-1.png","contentUrl":"https:\/\/woltsurf.pl\/wp-content\/uploads\/2022\/05\/cropped-logo-biale-1.png","width":3196,"height":1421,"caption":"WOLT SURF | e-foil | e-sup | sporty wodne"},"image":{"@id":"https:\/\/woltsurf.pl\/#\/schema\/logo\/image\/"}}]}},"_links":{"self":[{"href":"https:\/\/woltsurf.pl\/index.php?rest_route=\/wp\/v2\/pages\/12","targetHints":{"allow":["GET"]}}],"collection":[{"href":"https:\/\/woltsurf.pl\/index.php?rest_route=\/wp\/v2\/pages"}],"about":[{"href":"https:\/\/woltsurf.pl\/index.php?rest_route=\/wp\/v2\/types\/page"}],"author":[{"embeddable":true,"href":"https:\/\/woltsurf.pl\/index.php?rest_route=\/wp\/v2\/users\/1"}],"replies":[{"embeddable":true,"href":"https:\/\/woltsurf.pl\/index.php?rest_route=%2Fwp%2Fv2%2Fcomments&post=12"}],"version-history":[{"count":12,"href":"https:\/\/woltsurf.pl\/index.php?rest_route=\/wp\/v2\/pages\/12\/revisions"}],"predecessor-version":[{"id":260,"href":"https:\/\/woltsurf.pl\/index.php?rest_route=\/wp\/v2\/pages\/12\/revisions\/260"}],"up":[{"embeddable":true,"href":"https:\/\/woltsurf.pl\/index.php?rest_route=\/wp\/v2\/pages\/9"}],"wp:attachment":[{"href":"https:\/\/woltsurf.pl\/index.php?rest_route=%2Fwp%2Fv2%2Fmedia&parent=12"}],"curies":[{"name":"wp","href":"https:\/\/api.w.org\/{rel}","templated":true}]}}