{"id":20,"date":"2022-05-27T15:17:12","date_gmt":"2022-05-27T13:17:12","guid":{"rendered":"https:\/\/server508615.nazwa.pl\/wordpress\/wpn_WATTSURF\/?page_id=20"},"modified":"2022-05-28T15:15:16","modified_gmt":"2022-05-28T13:15:16","slug":"esup","status":"publish","type":"page","link":"https:\/\/woltsurf.pl\/?page_id=20","title":{"rendered":"eSUP"},"content":{"rendered":"\n<div class=\"wp-block-media-text alignfull has-media-on-the-right is-stacked-on-mobile is-vertically-aligned-center is-style-default\" style=\"grid-template-columns:auto 56%\"><figure class=\"wp-block-media-text__media\"><img loading=\"lazy\" decoding=\"async\" width=\"600\" height=\"400\" src=\"http:\/\/woltsurf.pl\/wp-content\/uploads\/2022\/05\/VA-0000-00-Vaquita-1-600x400-1.webp\" alt=\"\" class=\"wp-image-102 size-full\" srcset=\"https:\/\/woltsurf.pl\/wp-content\/uploads\/2022\/05\/VA-0000-00-Vaquita-1-600x400-1.webp 600w, https:\/\/woltsurf.pl\/wp-content\/uploads\/2022\/05\/VA-0000-00-Vaquita-1-600x400-1-300x200.webp 300w\" sizes=\"auto, (max-width: 600px) 100vw, 600px\" \/><\/figure><div class=\"wp-block-media-text__content\">\n<h2 class=\"has-text-color wp-block-heading\" style=\"color:#000000\"><strong>SUP z silnikiem?<\/strong><\/h2>\n\n\n\n<p class=\"has-black-color has-text-color\" style=\"font-size:17px;line-height:1.1\">Oferujemy wypo\u017cyczenie silnika elektrycznego do deski SUP lub kajaka. <\/p>\n\n\n\n<ul class=\"wp-block-list\"><li>Cichy, bezemisyjny, bezpieczny<\/li><li>W pe\u0142ni na\u0142adowana bateria zapewnia od 70min (pe\u0142na moc) do 5h (po\u0142owa mocy) p\u0142ywania, to wystarczaj\u0105co, aby zwiedzi\u0107 najciekawsze zak\u0105tki Wigier.<\/li><li>Pr\u0119dko\u015b\u0107 maksymalna 10km\/h<\/li><li>Bezprzewodowy pilot z zabezpieczeniem w razie wpadni\u0119cia do wody <\/li><li>Deska SUP lub kajak do wypo\u017cyczenia w Klubie Wodnym Ha\u0144cza (p\u0142atne osobno)<\/li><\/ul>\n<\/div><\/div>\n\n\n\n<div class=\"wp-block-buttons is-layout-flex wp-block-buttons-is-layout-flex\">\n<div class=\"wp-block-button is-style-outline is-style-outline--2\"><a class=\"wp-block-button__link\" href=\"http:\/\/woltsurf.pl\/?page_id=55\" style=\"border-radius:10px\">Cennik<\/a><\/div>\n\n\n\n<div class=\"wp-block-button is-style-outline is-style-outline--3\"><a class=\"wp-block-button__link\" href=\"http:\/\/woltsurf.pl\/?page_id=14\" style=\"border-radius:10px\">Rezerwacja<\/a><\/div>\n<\/div>\n","protected":false},"excerpt":{"rendered":"<p>SUP z silnikiem? Oferujemy wypo\u017cyczenie silnika elektrycznego do deski SUP lub kajaka. Cichy, bezemisyjny, bezpieczny W pe\u0142ni na\u0142adowana bateria zapewnia od 70min (pe\u0142na moc) do 5h (po\u0142owa mocy) p\u0142ywania, to wystarczaj\u0105co, aby zwiedzi\u0107 najciekawsze zak\u0105tki Wigier. Pr\u0119dko\u015b\u0107 maksymalna 10km\/h Bezprzewodowy pilot z zabezpieczeniem w razie wpadni\u0119cia do wody Deska SUP lub kajak do wypo\u017cyczenia w Klubie Wodnym Ha\u0144cza (p\u0142atne osobno)<\/p>\n","protected":false},"author":1,"featured_media":0,"parent":9,"menu_order":0,"comment_status":"closed","ping_status":"closed","template":"","meta":{"footnotes":""},"class_list":["post-20","page","type-page","status-publish","hentry"],"yoast_head":"<!-- This site is optimized with the Yoast SEO plugin v20.12 - https:\/\/yoast.com\/wordpress\/plugins\/seo\/ -->\n<title>eSUP - WOLT SURF | e-foil | e-sup | sporty wodne<\/title>\n<meta name=\"robots\" content=\"index, follow, max-snippet:-1, max-image-preview:large, max-video-preview:-1\" \/>\n<link rel=\"canonical\" href=\"https:\/\/woltsurf.pl\/?page_id=20\" \/>\n<meta property=\"og:locale\" content=\"pl_PL\" \/>\n<meta property=\"og:type\" content=\"article\" \/>\n<meta property=\"og:title\" content=\"eSUP - WOLT SURF | e-foil | e-sup | sporty wodne\" \/>\n<meta property=\"og:description\" content=\"SUP z silnikiem? Oferujemy wypo\u017cyczenie silnika elektrycznego do deski SUP lub kajaka. Cichy, bezemisyjny, bezpieczny W pe\u0142ni na\u0142adowana bateria zapewnia od 70min (pe\u0142na moc) do 5h (po\u0142owa mocy) p\u0142ywania, to wystarczaj\u0105co, aby zwiedzi\u0107 najciekawsze zak\u0105tki Wigier. Pr\u0119dko\u015b\u0107 maksymalna 10km\/h Bezprzewodowy pilot z zabezpieczeniem w razie wpadni\u0119cia do wody Deska SUP lub kajak do wypo\u017cyczenia w Klubie Wodnym Ha\u0144cza (p\u0142atne osobno)\" \/>\n<meta property=\"og:url\" content=\"https:\/\/woltsurf.pl\/?page_id=20\" \/>\n<meta property=\"og:site_name\" content=\"WOLT SURF | e-foil | e-sup | sporty wodne\" \/>\n<meta property=\"article:modified_time\" content=\"2022-05-28T13:15:16+00:00\" \/>\n<meta property=\"og:image\" content=\"http:\/\/woltsurf.pl\/wp-content\/uploads\/2022\/05\/VA-0000-00-Vaquita-1-600x400-1.webp\" \/>\n<meta name=\"twitter:card\" content=\"summary_large_image\" \/>\n<meta name=\"twitter:label1\" content=\"Szacowany czas czytania\" \/>\n\t<meta name=\"twitter:data1\" content=\"1 minuta\" \/>\n<script type=\"application\/ld+json\" class=\"yoast-schema-graph\">{\"@context\":\"https:\/\/schema.org\",\"@graph\":[{\"@type\":\"WebPage\",\"@id\":\"https:\/\/woltsurf.pl\/?page_id=20\",\"url\":\"https:\/\/woltsurf.pl\/?page_id=20\",\"name\":\"eSUP - WOLT SURF | e-foil | e-sup | sporty wodne\",\"isPartOf\":{\"@id\":\"https:\/\/woltsurf.pl\/#website\"},\"datePublished\":\"2022-05-27T13:17:12+00:00\",\"dateModified\":\"2022-05-28T13:15:16+00:00\",\"breadcrumb\":{\"@id\":\"https:\/\/woltsurf.pl\/?page_id=20#breadcrumb\"},\"inLanguage\":\"pl-PL\",\"potentialAction\":[{\"@type\":\"ReadAction\",\"target\":[\"https:\/\/woltsurf.pl\/?page_id=20\"]}]},{\"@type\":\"BreadcrumbList\",\"@id\":\"https:\/\/woltsurf.pl\/?page_id=20#breadcrumb\",\"itemListElement\":[{\"@type\":\"ListItem\",\"position\":1,\"name\":\"Home\",\"item\":\"https:\/\/woltsurf.pl\/\"},{\"@type\":\"ListItem\",\"position\":2,\"name\":\"WOLT SURF\",\"item\":\"https:\/\/woltsurf.pl\/\"},{\"@type\":\"ListItem\",\"position\":3,\"name\":\"eSUP\"}]},{\"@type\":\"WebSite\",\"@id\":\"https:\/\/woltsurf.pl\/#website\",\"url\":\"https:\/\/woltsurf.pl\/\",\"name\":\"WOLT SURF | e-foil | e-sup | sporty wodne\",\"description\":\"Szko\u0142a i wypo\u017cyczalnia efoil, eSUP, ebike, windsurfing\",\"publisher\":{\"@id\":\"https:\/\/woltsurf.pl\/#organization\"},\"potentialAction\":[{\"@type\":\"SearchAction\",\"target\":{\"@type\":\"EntryPoint\",\"urlTemplate\":\"https:\/\/woltsurf.pl\/?s={search_term_string}\"},\"query-input\":\"required name=search_term_string\"}],\"inLanguage\":\"pl-PL\"},{\"@type\":\"Organization\",\"@id\":\"https:\/\/woltsurf.pl\/#organization\",\"name\":\"WOLT SURF | e-foil | e-sup | sporty wodne\",\"url\":\"https:\/\/woltsurf.pl\/\",\"logo\":{\"@type\":\"ImageObject\",\"inLanguage\":\"pl-PL\",\"@id\":\"https:\/\/woltsurf.pl\/#\/schema\/logo\/image\/\",\"url\":\"https:\/\/woltsurf.pl\/wp-content\/uploads\/2022\/05\/cropped-logo-biale-1.png\",\"contentUrl\":\"https:\/\/woltsurf.pl\/wp-content\/uploads\/2022\/05\/cropped-logo-biale-1.png\",\"width\":3196,\"height\":1421,\"caption\":\"WOLT SURF | e-foil | e-sup | sporty wodne\"},\"image\":{\"@id\":\"https:\/\/woltsurf.pl\/#\/schema\/logo\/image\/\"}}]}<\/script>\n<!-- \/ Yoast SEO plugin. -->","yoast_head_json":{"title":"eSUP - WOLT SURF | e-foil | e-sup | sporty wodne","robots":{"index":"index","follow":"follow","max-snippet":"max-snippet:-1","max-image-preview":"max-image-preview:large","max-video-preview":"max-video-preview:-1"},"canonical":"https:\/\/woltsurf.pl\/?page_id=20","og_locale":"pl_PL","og_type":"article","og_title":"eSUP - WOLT SURF | e-foil | e-sup | sporty wodne","og_description":"SUP z silnikiem? Oferujemy wypo\u017cyczenie silnika elektrycznego do deski SUP lub kajaka. Cichy, bezemisyjny, bezpieczny W pe\u0142ni na\u0142adowana bateria zapewnia od 70min (pe\u0142na moc) do 5h (po\u0142owa mocy) p\u0142ywania, to wystarczaj\u0105co, aby zwiedzi\u0107 najciekawsze zak\u0105tki Wigier. Pr\u0119dko\u015b\u0107 maksymalna 10km\/h Bezprzewodowy pilot z zabezpieczeniem w razie wpadni\u0119cia do wody Deska SUP lub kajak do wypo\u017cyczenia w Klubie Wodnym Ha\u0144cza (p\u0142atne osobno)","og_url":"https:\/\/woltsurf.pl\/?page_id=20","og_site_name":"WOLT SURF | e-foil | e-sup | sporty wodne","article_modified_time":"2022-05-28T13:15:16+00:00","og_image":[{"url":"http:\/\/woltsurf.pl\/wp-content\/uploads\/2022\/05\/VA-0000-00-Vaquita-1-600x400-1.webp"}],"twitter_card":"summary_large_image","twitter_misc":{"Szacowany czas czytania":"1 minuta"},"schema":{"@context":"https:\/\/schema.org","@graph":[{"@type":"WebPage","@id":"https:\/\/woltsurf.pl\/?page_id=20","url":"https:\/\/woltsurf.pl\/?page_id=20","name":"eSUP - WOLT SURF | e-foil | e-sup | sporty wodne","isPartOf":{"@id":"https:\/\/woltsurf.pl\/#website"},"datePublished":"2022-05-27T13:17:12+00:00","dateModified":"2022-05-28T13:15:16+00:00","breadcrumb":{"@id":"https:\/\/woltsurf.pl\/?page_id=20#breadcrumb"},"inLanguage":"pl-PL","potentialAction":[{"@type":"ReadAction","target":["https:\/\/woltsurf.pl\/?page_id=20"]}]},{"@type":"BreadcrumbList","@id":"https:\/\/woltsurf.pl\/?page_id=20#breadcrumb","itemListElement":[{"@type":"ListItem","position":1,"name":"Home","item":"https:\/\/woltsurf.pl\/"},{"@type":"ListItem","position":2,"name":"WOLT SURF","item":"https:\/\/woltsurf.pl\/"},{"@type":"ListItem","position":3,"name":"eSUP"}]},{"@type":"WebSite","@id":"https:\/\/woltsurf.pl\/#website","url":"https:\/\/woltsurf.pl\/","name":"WOLT SURF | e-foil | e-sup | sporty wodne","description":"Szko\u0142a i wypo\u017cyczalnia efoil, eSUP, ebike, windsurfing","publisher":{"@id":"https:\/\/woltsurf.pl\/#organization"},"potentialAction":[{"@type":"SearchAction","target":{"@type":"EntryPoint","urlTemplate":"https:\/\/woltsurf.pl\/?s={search_term_string}"},"query-input":"required name=search_term_string"}],"inLanguage":"pl-PL"},{"@type":"Organization","@id":"https:\/\/woltsurf.pl\/#organization","name":"WOLT SURF | e-foil | e-sup | sporty wodne","url":"https:\/\/woltsurf.pl\/","logo":{"@type":"ImageObject","inLanguage":"pl-PL","@id":"https:\/\/woltsurf.pl\/#\/schema\/logo\/image\/","url":"https:\/\/woltsurf.pl\/wp-content\/uploads\/2022\/05\/cropped-logo-biale-1.png","contentUrl":"https:\/\/woltsurf.pl\/wp-content\/uploads\/2022\/05\/cropped-logo-biale-1.png","width":3196,"height":1421,"caption":"WOLT SURF | e-foil | e-sup | sporty wodne"},"image":{"@id":"https:\/\/woltsurf.pl\/#\/schema\/logo\/image\/"}}]}},"_links":{"self":[{"href":"https:\/\/woltsurf.pl\/index.php?rest_route=\/wp\/v2\/pages\/20","targetHints":{"allow":["GET"]}}],"collection":[{"href":"https:\/\/woltsurf.pl\/index.php?rest_route=\/wp\/v2\/pages"}],"about":[{"href":"https:\/\/woltsurf.pl\/index.php?rest_route=\/wp\/v2\/types\/page"}],"author":[{"embeddable":true,"href":"https:\/\/woltsurf.pl\/index.php?rest_route=\/wp\/v2\/users\/1"}],"replies":[{"embeddable":true,"href":"https:\/\/woltsurf.pl\/index.php?rest_route=%2Fwp%2Fv2%2Fcomments&post=20"}],"version-history":[{"count":3,"href":"https:\/\/woltsurf.pl\/index.php?rest_route=\/wp\/v2\/pages\/20\/revisions"}],"predecessor-version":[{"id":105,"href":"https:\/\/woltsurf.pl\/index.php?rest_route=\/wp\/v2\/pages\/20\/revisions\/105"}],"up":[{"embeddable":true,"href":"https:\/\/woltsurf.pl\/index.php?rest_route=\/wp\/v2\/pages\/9"}],"wp:attachment":[{"href":"https:\/\/woltsurf.pl\/index.php?rest_route=%2Fwp%2Fv2%2Fmedia&parent=20"}],"curies":[{"name":"wp","href":"https:\/\/api.w.org\/{rel}","templated":true}]}}