{"id":25,"date":"2022-05-27T15:20:58","date_gmt":"2022-05-27T13:20:58","guid":{"rendered":"https:\/\/server508615.nazwa.pl\/wordpress\/wpn_WATTSURF\/?page_id=25"},"modified":"2022-05-29T14:50:51","modified_gmt":"2022-05-29T12:50:51","slug":"regulamin","status":"publish","type":"page","link":"https:\/\/woltsurf.pl\/?page_id=25","title":{"rendered":"Regulamin"},"content":{"rendered":"\n<ul class=\"wp-block-list\"><li>Pobierz aktualn\u0105 wersj\u0119 Regulaminu wraz ze szczeg\u00f3\u0142owymi informacjami n\/t przetwarzania danych osobowych:<\/li><\/ul>\n\n\n\n<p><a href=\"http:\/\/woltsurf.pl\/wp-content\/uploads\/2022\/05\/Regulamin-v1.2.pdf\">Regulamin wersja 1.2 z dnia 29.05.2022<\/a><\/p>\n","protected":false},"excerpt":{"rendered":"<p>Pobierz aktualn\u0105 wersj\u0119 Regulaminu wraz ze szczeg\u00f3\u0142owymi informacjami n\/t przetwarzania danych osobowych: Regulamin wersja 1.2 z dnia 29.05.2022<\/p>\n","protected":false},"author":1,"featured_media":0,"parent":9,"menu_order":0,"comment_status":"closed","ping_status":"closed","template":"","meta":{"footnotes":""},"class_list":["post-25","page","type-page","status-publish","hentry"],"yoast_head":"<!-- This site is optimized with the Yoast SEO plugin v20.12 - https:\/\/yoast.com\/wordpress\/plugins\/seo\/ -->\n<title>Regulamin - WOLT SURF | e-foil | e-sup | sporty wodne<\/title>\n<meta name=\"robots\" content=\"index, follow, max-snippet:-1, max-image-preview:large, max-video-preview:-1\" \/>\n<link rel=\"canonical\" href=\"https:\/\/woltsurf.pl\/?page_id=25\" \/>\n<meta property=\"og:locale\" content=\"pl_PL\" \/>\n<meta property=\"og:type\" content=\"article\" \/>\n<meta property=\"og:title\" content=\"Regulamin - WOLT SURF | e-foil | e-sup | sporty wodne\" \/>\n<meta property=\"og:description\" content=\"Pobierz aktualn\u0105 wersj\u0119 Regulaminu wraz ze szczeg\u00f3\u0142owymi informacjami n\/t przetwarzania danych osobowych: Regulamin wersja 1.2 z dnia 29.05.2022\" \/>\n<meta property=\"og:url\" content=\"https:\/\/woltsurf.pl\/?page_id=25\" \/>\n<meta property=\"og:site_name\" content=\"WOLT SURF | e-foil | e-sup | sporty wodne\" \/>\n<meta property=\"article:modified_time\" content=\"2022-05-29T12:50:51+00:00\" \/>\n<meta name=\"twitter:card\" content=\"summary_large_image\" \/>\n<meta name=\"twitter:label1\" content=\"Szacowany czas czytania\" \/>\n\t<meta name=\"twitter:data1\" content=\"1 minuta\" \/>\n<script type=\"application\/ld+json\" class=\"yoast-schema-graph\">{\"@context\":\"https:\/\/schema.org\",\"@graph\":[{\"@type\":\"WebPage\",\"@id\":\"https:\/\/woltsurf.pl\/?page_id=25\",\"url\":\"https:\/\/woltsurf.pl\/?page_id=25\",\"name\":\"Regulamin - WOLT SURF | e-foil | e-sup | sporty wodne\",\"isPartOf\":{\"@id\":\"https:\/\/woltsurf.pl\/#website\"},\"datePublished\":\"2022-05-27T13:20:58+00:00\",\"dateModified\":\"2022-05-29T12:50:51+00:00\",\"breadcrumb\":{\"@id\":\"https:\/\/woltsurf.pl\/?page_id=25#breadcrumb\"},\"inLanguage\":\"pl-PL\",\"potentialAction\":[{\"@type\":\"ReadAction\",\"target\":[\"https:\/\/woltsurf.pl\/?page_id=25\"]}]},{\"@type\":\"BreadcrumbList\",\"@id\":\"https:\/\/woltsurf.pl\/?page_id=25#breadcrumb\",\"itemListElement\":[{\"@type\":\"ListItem\",\"position\":1,\"name\":\"Home\",\"item\":\"https:\/\/woltsurf.pl\/\"},{\"@type\":\"ListItem\",\"position\":2,\"name\":\"WOLT SURF\",\"item\":\"https:\/\/woltsurf.pl\/\"},{\"@type\":\"ListItem\",\"position\":3,\"name\":\"Regulamin\"}]},{\"@type\":\"WebSite\",\"@id\":\"https:\/\/woltsurf.pl\/#website\",\"url\":\"https:\/\/woltsurf.pl\/\",\"name\":\"WOLT SURF | e-foil | e-sup | sporty wodne\",\"description\":\"Szko\u0142a i wypo\u017cyczalnia efoil, eSUP, ebike, windsurfing\",\"publisher\":{\"@id\":\"https:\/\/woltsurf.pl\/#organization\"},\"potentialAction\":[{\"@type\":\"SearchAction\",\"target\":{\"@type\":\"EntryPoint\",\"urlTemplate\":\"https:\/\/woltsurf.pl\/?s={search_term_string}\"},\"query-input\":\"required name=search_term_string\"}],\"inLanguage\":\"pl-PL\"},{\"@type\":\"Organization\",\"@id\":\"https:\/\/woltsurf.pl\/#organization\",\"name\":\"WOLT SURF | e-foil | e-sup | sporty wodne\",\"url\":\"https:\/\/woltsurf.pl\/\",\"logo\":{\"@type\":\"ImageObject\",\"inLanguage\":\"pl-PL\",\"@id\":\"https:\/\/woltsurf.pl\/#\/schema\/logo\/image\/\",\"url\":\"https:\/\/woltsurf.pl\/wp-content\/uploads\/2022\/05\/cropped-logo-biale-1.png\",\"contentUrl\":\"https:\/\/woltsurf.pl\/wp-content\/uploads\/2022\/05\/cropped-logo-biale-1.png\",\"width\":3196,\"height\":1421,\"caption\":\"WOLT SURF | e-foil | e-sup | sporty wodne\"},\"image\":{\"@id\":\"https:\/\/woltsurf.pl\/#\/schema\/logo\/image\/\"}}]}<\/script>\n<!-- \/ Yoast SEO plugin. -->","yoast_head_json":{"title":"Regulamin - WOLT SURF | e-foil | e-sup | sporty wodne","robots":{"index":"index","follow":"follow","max-snippet":"max-snippet:-1","max-image-preview":"max-image-preview:large","max-video-preview":"max-video-preview:-1"},"canonical":"https:\/\/woltsurf.pl\/?page_id=25","og_locale":"pl_PL","og_type":"article","og_title":"Regulamin - WOLT SURF | e-foil | e-sup | sporty wodne","og_description":"Pobierz aktualn\u0105 wersj\u0119 Regulaminu wraz ze szczeg\u00f3\u0142owymi informacjami n\/t przetwarzania danych osobowych: Regulamin wersja 1.2 z dnia 29.05.2022","og_url":"https:\/\/woltsurf.pl\/?page_id=25","og_site_name":"WOLT SURF | e-foil | e-sup | sporty wodne","article_modified_time":"2022-05-29T12:50:51+00:00","twitter_card":"summary_large_image","twitter_misc":{"Szacowany czas czytania":"1 minuta"},"schema":{"@context":"https:\/\/schema.org","@graph":[{"@type":"WebPage","@id":"https:\/\/woltsurf.pl\/?page_id=25","url":"https:\/\/woltsurf.pl\/?page_id=25","name":"Regulamin - WOLT SURF | e-foil | e-sup | sporty wodne","isPartOf":{"@id":"https:\/\/woltsurf.pl\/#website"},"datePublished":"2022-05-27T13:20:58+00:00","dateModified":"2022-05-29T12:50:51+00:00","breadcrumb":{"@id":"https:\/\/woltsurf.pl\/?page_id=25#breadcrumb"},"inLanguage":"pl-PL","potentialAction":[{"@type":"ReadAction","target":["https:\/\/woltsurf.pl\/?page_id=25"]}]},{"@type":"BreadcrumbList","@id":"https:\/\/woltsurf.pl\/?page_id=25#breadcrumb","itemListElement":[{"@type":"ListItem","position":1,"name":"Home","item":"https:\/\/woltsurf.pl\/"},{"@type":"ListItem","position":2,"name":"WOLT SURF","item":"https:\/\/woltsurf.pl\/"},{"@type":"ListItem","position":3,"name":"Regulamin"}]},{"@type":"WebSite","@id":"https:\/\/woltsurf.pl\/#website","url":"https:\/\/woltsurf.pl\/","name":"WOLT SURF | e-foil | e-sup | sporty wodne","description":"Szko\u0142a i wypo\u017cyczalnia efoil, eSUP, ebike, windsurfing","publisher":{"@id":"https:\/\/woltsurf.pl\/#organization"},"potentialAction":[{"@type":"SearchAction","target":{"@type":"EntryPoint","urlTemplate":"https:\/\/woltsurf.pl\/?s={search_term_string}"},"query-input":"required name=search_term_string"}],"inLanguage":"pl-PL"},{"@type":"Organization","@id":"https:\/\/woltsurf.pl\/#organization","name":"WOLT SURF | e-foil | e-sup | sporty wodne","url":"https:\/\/woltsurf.pl\/","logo":{"@type":"ImageObject","inLanguage":"pl-PL","@id":"https:\/\/woltsurf.pl\/#\/schema\/logo\/image\/","url":"https:\/\/woltsurf.pl\/wp-content\/uploads\/2022\/05\/cropped-logo-biale-1.png","contentUrl":"https:\/\/woltsurf.pl\/wp-content\/uploads\/2022\/05\/cropped-logo-biale-1.png","width":3196,"height":1421,"caption":"WOLT SURF | e-foil | e-sup | sporty wodne"},"image":{"@id":"https:\/\/woltsurf.pl\/#\/schema\/logo\/image\/"}}]}},"_links":{"self":[{"href":"https:\/\/woltsurf.pl\/index.php?rest_route=\/wp\/v2\/pages\/25","targetHints":{"allow":["GET"]}}],"collection":[{"href":"https:\/\/woltsurf.pl\/index.php?rest_route=\/wp\/v2\/pages"}],"about":[{"href":"https:\/\/woltsurf.pl\/index.php?rest_route=\/wp\/v2\/types\/page"}],"author":[{"embeddable":true,"href":"https:\/\/woltsurf.pl\/index.php?rest_route=\/wp\/v2\/users\/1"}],"replies":[{"embeddable":true,"href":"https:\/\/woltsurf.pl\/index.php?rest_route=%2Fwp%2Fv2%2Fcomments&post=25"}],"version-history":[{"count":6,"href":"https:\/\/woltsurf.pl\/index.php?rest_route=\/wp\/v2\/pages\/25\/revisions"}],"predecessor-version":[{"id":189,"href":"https:\/\/woltsurf.pl\/index.php?rest_route=\/wp\/v2\/pages\/25\/revisions\/189"}],"up":[{"embeddable":true,"href":"https:\/\/woltsurf.pl\/index.php?rest_route=\/wp\/v2\/pages\/9"}],"wp:attachment":[{"href":"https:\/\/woltsurf.pl\/index.php?rest_route=%2Fwp%2Fv2%2Fmedia&parent=25"}],"curies":[{"name":"wp","href":"https:\/\/api.w.org\/{rel}","templated":true}]}}